{"id":2438,"date":"2020-05-31T09:37:09","date_gmt":"2020-05-31T09:37:09","guid":{"rendered":"http:\/\/testing.metropolitanhost.com\/?page_id=50"},"modified":"2023-06-09T19:48:37","modified_gmt":"2023-06-09T17:48:37","slug":"about-2","status":"publish","type":"page","link":"https:\/\/chezbobbnb.com\/?page_id=2438","title":{"rendered":"A propos"},"content":{"rendered":"<p>Laurent Pheulpin, pratiquant et entra\u00eeneur de BMX dans les ann\u00e9es 80, a d\u00e9but\u00e9 la descente VTT en 1990. Il propose des cours de VTT et de VAE : d\u00e9couverte initiation, perfectionnement, performance en DH, enduro, freeride, et m\u00eame VTT sur neige.<br \/>\nPassionn\u00e9 de VTT depuis son enfance, il a \u00e9t\u00e9 champion de France en 2008, et 8 \u00e8me au dernier championnat du monde de DH VTT. Il vous fera d\u00e9couvrir les singles de l&rsquo;Oisans avec sa navette 4&#215;4, 9 places. Possibilit\u00e9 de rider sur les pistes des 2 Alpes en intersaison (1 400 m de d\u00e9nivel\u00e9 n\u00e9gatif) retour jusqu&rsquo;au Freney par singles.<\/p>\n<p>Chez Bob c&rsquo;est aussi diff\u00e9rentes formules de vacances \u00ab\u00a0V\u00e9lo\u00a0\u00bb dans un lodge tout confort. Un lieu unique pour les passionn\u00e9s de v\u00e9lo sous toutes ses formes ! Vous serez plong\u00e9s dans cet univers : d\u00e9co VTT, v\u00e9los vintage expos\u00e9s de-ci-de-l\u00e0, collection de VTT magazine \u00e0 disposition au coin lecture\u2026convivialit\u00e9 assur\u00e9e !<\/p>\n","protected":false},"excerpt":{"rendered":"<p>Laurent Pheulpin, pratiquant et entra\u00eeneur de BMX dans les ann\u00e9es 80, a d\u00e9but\u00e9 la descente VTT en 1990. Il propose des cours de VTT et de VAE : d\u00e9couverte initiation,&#8230;<\/p>\n","protected":false},"author":1,"featured_media":2464,"parent":0,"menu_order":0,"comment_status":"closed","ping_status":"closed","template":"templates\/full-width.php","meta":[],"_links":{"self":[{"href":"https:\/\/chezbobbnb.com\/index.php?rest_route=\/wp\/v2\/pages\/2438"}],"collection":[{"href":"https:\/\/chezbobbnb.com\/index.php?rest_route=\/wp\/v2\/pages"}],"about":[{"href":"https:\/\/chezbobbnb.com\/index.php?rest_route=\/wp\/v2\/types\/page"}],"author":[{"embeddable":true,"href":"https:\/\/chezbobbnb.com\/index.php?rest_route=\/wp\/v2\/users\/1"}],"replies":[{"embeddable":true,"href":"https:\/\/chezbobbnb.com\/index.php?rest_route=%2Fwp%2Fv2%2Fcomments&post=2438"}],"version-history":[{"count":2,"href":"https:\/\/chezbobbnb.com\/index.php?rest_route=\/wp\/v2\/pages\/2438\/revisions"}],"predecessor-version":[{"id":2483,"href":"https:\/\/chezbobbnb.com\/index.php?rest_route=\/wp\/v2\/pages\/2438\/revisions\/2483"}],"wp:featuredmedia":[{"embeddable":true,"href":"https:\/\/chezbobbnb.com\/index.php?rest_route=\/wp\/v2\/media\/2464"}],"wp:attachment":[{"href":"https:\/\/chezbobbnb.com\/index.php?rest_route=%2Fwp%2Fv2%2Fmedia&parent=2438"}],"curies":[{"name":"wp","href":"https:\/\/api.w.org\/{rel}","templated":true}]}}