{"id":2645,"date":"2023-06-13T09:58:19","date_gmt":"2023-06-13T07:58:19","guid":{"rendered":"https:\/\/chezbobbnb.com\/?page_id=2645"},"modified":"2024-01-29T19:41:49","modified_gmt":"2024-01-29T18:41:49","slug":"a-propos-de-bob","status":"publish","type":"page","link":"https:\/\/chezbobbnb.com\/?page_id=2645","title":{"rendered":"A PROPOS DE BOB"},"content":{"rendered":"\n<div class=\"wp-block-media-text alignwide is-stacked-on-mobile is-image-fill\"><figure class=\"wp-block-media-text__media\" style=\"background-image:url(http:\/\/chezbobbnb.com\/wp-content\/uploads\/2021\/05\/20171009_laurent_portrait-7826-681x1024.jpg);background-position:50% 50%\"><img loading=\"lazy\" width=\"681\" height=\"1024\" src=\"http:\/\/chezbobbnb.com\/wp-content\/uploads\/2021\/05\/20171009_laurent_portrait-7826-681x1024.jpg\" alt=\"\" class=\"wp-image-2462 size-full\" srcset=\"https:\/\/chezbobbnb.com\/wp-content\/uploads\/2021\/05\/20171009_laurent_portrait-7826-681x1024.jpg 681w, https:\/\/chezbobbnb.com\/wp-content\/uploads\/2021\/05\/20171009_laurent_portrait-7826-200x300.jpg 200w, https:\/\/chezbobbnb.com\/wp-content\/uploads\/2021\/05\/20171009_laurent_portrait-7826-768x1154.jpg 768w, https:\/\/chezbobbnb.com\/wp-content\/uploads\/2021\/05\/20171009_laurent_portrait-7826-1022x1536.jpg 1022w, https:\/\/chezbobbnb.com\/wp-content\/uploads\/2021\/05\/20171009_laurent_portrait-7826-1363x2048.jpg 1363w, https:\/\/chezbobbnb.com\/wp-content\/uploads\/2021\/05\/20171009_laurent_portrait-7826-scaled.jpg 1704w\" sizes=\"(max-width: 681px) 100vw, 681px\" \/><\/figure><div class=\"wp-block-media-text__content\">\n<p>Moi c&rsquo;est Laurent Pheulpin, pratiquant et entra\u00eeneur de BMX dans les ann\u00e9es 80, j&rsquo;ai d\u00e9but\u00e9 la descente VTT en 1990. Je propose des cours de VTT et de VAE : d\u00e9couverte initiation, perfectionnement, performance en DH, enduro, freeride, et m\u00eame VTT sur neige.<\/p>\n\n\n\n<p>Passionn\u00e9 de VTT depuis mon enfance, j&rsquo;ai \u00e9t\u00e9 champion de France en 2008, 8 \u00e8me \u00e0 ma derni\u00e8re participation au championnat du monde de DH VTT cat\u00e9gorie Master, et champion de France Master 5 aux Arcs en 2023. <\/p>\n\n\n\n<p>Je me ferai un plaisir de vous faire d\u00e9couvrir les singles de l\u2019Oisans avec mon minibus, 9 places. Avec moi on roule toute l&rsquo;ann\u00e9e! <\/p>\n\n\n\n<p><\/p>\n<\/div><\/div>\n\n\n\n<p><\/p>\n\n\n\n<p>En intersaison, je propose des circuits en petits groupes jusqu\u2019\u00e0 six personnes sur les pistes et les chemins de randonn\u00e9e. Ma sp\u00e9cialit\u00e9 est le pilotage en VTT de descente et \u00e0 assistance \u00e9lectrique. J\u2019aime aussi faire d\u00e9couvrir le territoire, dont le plateau d\u2019Emparis, situ\u00e9 \u00e0 2 000 m\u00e8tres d\u2019altitude et les beaux villages de montagne autour de Besse-en-Oisans\u201d, \u00e0 mon actif pr\u00e8s de 32 ans d\u2019exp\u00e9rience en v\u00e9lo de descente.<\/p>\n\n\n\n<p>Je vous propose diff\u00e9rentes formules de vacances \u00ab&nbsp;V\u00e9lo&nbsp;\u00bb dans mon lodge tout confort. J&rsquo;en ai fait un lieu unique pour les passionn\u00e9s de v\u00e9lo comme moi ! En solo, en famille ou entre amis je saurai vous concocter un programme sur mesure. <\/p>\n\n\n\n<p>Mais au fait pourquoi BOB ? Dans les ann\u00e9es 80 on se donnait des surnoms entre nous avec les copains, et moi j&rsquo;ai pris Bob comme Bob HARO champion de BMX mon idole de l&rsquo;\u00e9poque! Et ce surnom m&rsquo;a suivi et il \u00e9tait logique pour moi de l&rsquo;utiliser quand j&rsquo;ai cr\u00e9\u00e9 mon concept!<\/p>\n\n\n\n<p>Alors pr\u00eat \u00e0 rider?<\/p>\n\n\n\n<figure class=\"wp-block-image size-large\"><img loading=\"lazy\" width=\"1024\" height=\"683\" src=\"http:\/\/chezbobbnb.com\/wp-content\/uploads\/2023\/06\/a_propos-1024x683.jpg\" alt=\"\" class=\"wp-image-2665\" srcset=\"https:\/\/chezbobbnb.com\/wp-content\/uploads\/2023\/06\/a_propos-1024x683.jpg 1024w, https:\/\/chezbobbnb.com\/wp-content\/uploads\/2023\/06\/a_propos-300x200.jpg 300w, https:\/\/chezbobbnb.com\/wp-content\/uploads\/2023\/06\/a_propos-768x512.jpg 768w, https:\/\/chezbobbnb.com\/wp-content\/uploads\/2023\/06\/a_propos-1536x1024.jpg 1536w, https:\/\/chezbobbnb.com\/wp-content\/uploads\/2023\/06\/a_propos-2048x1365.jpg 2048w\" sizes=\"(max-width: 1024px) 100vw, 1024px\" \/><\/figure>\n","protected":false},"excerpt":{"rendered":"<p>Moi c&rsquo;est Laurent Pheulpin, pratiquant et entra\u00eeneur de BMX dans les ann\u00e9es 80, j&rsquo;ai d\u00e9but\u00e9 la descente VTT en 1990. Je propose des cours de VTT et de VAE :&#8230;<\/p>\n","protected":false},"author":1,"featured_media":2462,"parent":0,"menu_order":0,"comment_status":"closed","ping_status":"closed","template":"","meta":[],"_links":{"self":[{"href":"https:\/\/chezbobbnb.com\/index.php?rest_route=\/wp\/v2\/pages\/2645"}],"collection":[{"href":"https:\/\/chezbobbnb.com\/index.php?rest_route=\/wp\/v2\/pages"}],"about":[{"href":"https:\/\/chezbobbnb.com\/index.php?rest_route=\/wp\/v2\/types\/page"}],"author":[{"embeddable":true,"href":"https:\/\/chezbobbnb.com\/index.php?rest_route=\/wp\/v2\/users\/1"}],"replies":[{"embeddable":true,"href":"https:\/\/chezbobbnb.com\/index.php?rest_route=%2Fwp%2Fv2%2Fcomments&post=2645"}],"version-history":[{"count":18,"href":"https:\/\/chezbobbnb.com\/index.php?rest_route=\/wp\/v2\/pages\/2645\/revisions"}],"predecessor-version":[{"id":3003,"href":"https:\/\/chezbobbnb.com\/index.php?rest_route=\/wp\/v2\/pages\/2645\/revisions\/3003"}],"wp:featuredmedia":[{"embeddable":true,"href":"https:\/\/chezbobbnb.com\/index.php?rest_route=\/wp\/v2\/media\/2462"}],"wp:attachment":[{"href":"https:\/\/chezbobbnb.com\/index.php?rest_route=%2Fwp%2Fv2%2Fmedia&parent=2645"}],"curies":[{"name":"wp","href":"https:\/\/api.w.org\/{rel}","templated":true}]}}