{"id":2744,"date":"2023-06-13T19:41:49","date_gmt":"2023-06-13T17:41:49","guid":{"rendered":"https:\/\/chezbobbnb.com\/?page_id=2744"},"modified":"2024-01-29T19:16:06","modified_gmt":"2024-01-29T18:16:06","slug":"formules-de-ride","status":"publish","type":"page","link":"https:\/\/chezbobbnb.com\/?page_id=2744","title":{"rendered":"FORMULES DE RIDE"},"content":{"rendered":"<p>[vc_row][vc_column][vc_column_text]<\/p>\n<h1><strong>En \u00e9t\u00e9<br \/>\n<\/strong><\/h1>\n<p>(pendant l&rsquo;ouverture du bike Park de d\u00e9but juin \u00e0 fin ao\u00fbt)<\/p>\n<ul>\n<li>le\u00e7on particuli\u00e8re ou groupe compos\u00e9 en VTT, VTTAE et DH : 120\u20ac les 3 heures<\/li>\n<li>rando descendante de 2 heures (tous niveaux) avec remont\u00e9e en v\u00e9hicule 60\u20ac\/ personne. (*)<br \/>\n<img loading=\"lazy\" class=\"alignnone wp-image-2902 \" src=\"http:\/\/chezbobbnb.com\/wp-content\/uploads\/2023\/06\/ete-300x146.jpg\" alt=\"\" width=\"688\" height=\"335\" srcset=\"https:\/\/chezbobbnb.com\/wp-content\/uploads\/2023\/06\/ete-300x146.jpg 300w, https:\/\/chezbobbnb.com\/wp-content\/uploads\/2023\/06\/ete-1024x498.jpg 1024w, https:\/\/chezbobbnb.com\/wp-content\/uploads\/2023\/06\/ete-768x373.jpg 768w, https:\/\/chezbobbnb.com\/wp-content\/uploads\/2023\/06\/ete-1536x747.jpg 1536w, https:\/\/chezbobbnb.com\/wp-content\/uploads\/2023\/06\/ete-2048x996.jpg 2048w\" sizes=\"(max-width: 688px) 100vw, 688px\" \/><\/li>\n<\/ul>\n<p>[\/vc_column_text][\/vc_column][\/vc_row][vc_row][vc_column][vc_column_text]<\/p>\n<h1><strong>Automne et printemps<\/strong><\/h1>\n<ul>\n<li>idem \u00e9t\u00e9 avec juste une partie du\u00a0 bikepark accessible en v\u00e9hicule<\/li>\n<li>Week end VTT Descente, Enduro, Freeride ou Vtt \u00e9lectrique en Oisans avec h\u00e9bergement, repas, navette et guide\u00a0 (jusqu\u2019\u00e0 7 personnes). A partir de 175 \u20ac\/ personne<\/li>\n<li>Week end v\u00e9lo route avec h\u00e9bergement, repas et soutien logistique pour le v\u00e9lo de route. Tarif sur devis<\/li>\n<li>Formule VIP (1 personne) me contacter<\/li>\n<\/ul>\n<p>[\/vc_column_text][\/vc_column][\/vc_row][vc_row][vc_column][vc_column_text]<\/p>\n<h1><strong>En hiver<\/strong><\/h1>\n<ul>\n<li>Descente VTT sur neige (tous niveaux d\u00e8s 8 ans) \u00e0 partir de 55\u20ac\/personne (*)<\/li>\n<li>Rando FAT Bike electrique sur neige aux 2Alpes (tous niveaux) \u00e0 partir de 55\u20ac\/personne (*)<img loading=\"lazy\" class=\"alignnone wp-image-2994\" src=\"http:\/\/chezbobbnb.com\/wp-content\/uploads\/2024\/01\/IMG_20231224_184023-300x225.jpg\" alt=\"\" width=\"291\" height=\"218\" srcset=\"https:\/\/chezbobbnb.com\/wp-content\/uploads\/2024\/01\/IMG_20231224_184023-300x225.jpg 300w, https:\/\/chezbobbnb.com\/wp-content\/uploads\/2024\/01\/IMG_20231224_184023-1024x768.jpg 1024w, https:\/\/chezbobbnb.com\/wp-content\/uploads\/2024\/01\/IMG_20231224_184023-768x576.jpg 768w, https:\/\/chezbobbnb.com\/wp-content\/uploads\/2024\/01\/IMG_20231224_184023-1536x1152.jpg 1536w, https:\/\/chezbobbnb.com\/wp-content\/uploads\/2024\/01\/IMG_20231224_184023-2048x1536.jpg 2048w\" sizes=\"(max-width: 291px) 100vw, 291px\" \/><img loading=\"lazy\" class=\"alignnone wp-image-2993 \" src=\"http:\/\/chezbobbnb.com\/wp-content\/uploads\/2024\/01\/GH013269-1-4-300x169.jpg\" alt=\"\" width=\"387\" height=\"218\" srcset=\"https:\/\/chezbobbnb.com\/wp-content\/uploads\/2024\/01\/GH013269-1-4-300x169.jpg 300w, https:\/\/chezbobbnb.com\/wp-content\/uploads\/2024\/01\/GH013269-1-4-1024x576.jpg 1024w, https:\/\/chezbobbnb.com\/wp-content\/uploads\/2024\/01\/GH013269-1-4-768x432.jpg 768w, https:\/\/chezbobbnb.com\/wp-content\/uploads\/2024\/01\/GH013269-1-4-1536x863.jpg 1536w, https:\/\/chezbobbnb.com\/wp-content\/uploads\/2024\/01\/GH013269-1-4-2048x1151.jpg 2048w\" sizes=\"(max-width: 387px) 100vw, 387px\" \/><img loading=\"lazy\" class=\"wp-image-2992 aligncenter\" src=\"http:\/\/chezbobbnb.com\/wp-content\/uploads\/2024\/01\/4-212x300.png\" alt=\"\" width=\"339\" height=\"480\" srcset=\"https:\/\/chezbobbnb.com\/wp-content\/uploads\/2024\/01\/4-212x300.png 212w, https:\/\/chezbobbnb.com\/wp-content\/uploads\/2024\/01\/4-724x1024.png 724w, https:\/\/chezbobbnb.com\/wp-content\/uploads\/2024\/01\/4-768x1086.png 768w, https:\/\/chezbobbnb.com\/wp-content\/uploads\/2024\/01\/4-1086x1536.png 1086w, https:\/\/chezbobbnb.com\/wp-content\/uploads\/2024\/01\/4.png 1414w\" sizes=\"(max-width: 339px) 100vw, 339px\" \/><\/li>\n<\/ul>\n<p>(*)Possible aussi en nocturne!<\/p>\n<p>[\/vc_column_text][\/vc_column][\/vc_row][vc_row][vc_column][vc_column_text]<\/p>\n<h2>Bon cadeau<\/h2>\n<p>Faites plaisir \u00e0 vos proches en offrant un bon cadeau! Montant ou prestation au choix. Contactez moi ![\/vc_column_text][\/vc_column][\/vc_row]<\/p>\n","protected":false},"excerpt":{"rendered":"<p>[vc_row][vc_column][vc_column_text] En \u00e9t\u00e9 (pendant l&rsquo;ouverture du bike Park de d\u00e9but juin \u00e0 fin ao\u00fbt) le\u00e7on particuli\u00e8re ou groupe compos\u00e9 en VTT, VTTAE et DH : 120\u20ac les 3 heures rando&#8230;<\/p>\n","protected":false},"author":1,"featured_media":0,"parent":0,"menu_order":0,"comment_status":"closed","ping_status":"closed","template":"","meta":[],"_links":{"self":[{"href":"https:\/\/chezbobbnb.com\/index.php?rest_route=\/wp\/v2\/pages\/2744"}],"collection":[{"href":"https:\/\/chezbobbnb.com\/index.php?rest_route=\/wp\/v2\/pages"}],"about":[{"href":"https:\/\/chezbobbnb.com\/index.php?rest_route=\/wp\/v2\/types\/page"}],"author":[{"embeddable":true,"href":"https:\/\/chezbobbnb.com\/index.php?rest_route=\/wp\/v2\/users\/1"}],"replies":[{"embeddable":true,"href":"https:\/\/chezbobbnb.com\/index.php?rest_route=%2Fwp%2Fv2%2Fcomments&post=2744"}],"version-history":[{"count":22,"href":"https:\/\/chezbobbnb.com\/index.php?rest_route=\/wp\/v2\/pages\/2744\/revisions"}],"predecessor-version":[{"id":2999,"href":"https:\/\/chezbobbnb.com\/index.php?rest_route=\/wp\/v2\/pages\/2744\/revisions\/2999"}],"wp:attachment":[{"href":"https:\/\/chezbobbnb.com\/index.php?rest_route=%2Fwp%2Fv2%2Fmedia&parent=2744"}],"curies":[{"name":"wp","href":"https:\/\/api.w.org\/{rel}","templated":true}]}}