{"id":2792,"date":"2023-06-15T19:31:40","date_gmt":"2023-06-15T17:31:40","guid":{"rendered":"https:\/\/chezbobbnb.com\/?page_id=2792"},"modified":"2024-01-30T14:50:15","modified_gmt":"2024-01-30T13:50:15","slug":"partenaires","status":"publish","type":"page","link":"https:\/\/chezbobbnb.com\/?page_id=2792","title":{"rendered":"PARTENAIRES"},"content":{"rendered":"\n<div class=\"wp-block-media-text alignwide is-stacked-on-mobile\" style=\"grid-template-columns:26% auto\"><figure class=\"wp-block-media-text__media\"><a href=\"https:\/\/www.jacques-sports.com\/location-vtt-2-alpes-17.html\" target=\"_blank\" rel=\"noopener\"><img loading=\"lazy\" width=\"157\" height=\"144\" src=\"https:\/\/chezbobbnb.com\/wp-content\/uploads\/2023\/06\/20210614_113822.png\" alt=\"\" class=\"wp-image-2861 size-full\"\/><\/a><\/figure><div class=\"wp-block-media-text__content\">\n<p class=\"has-large-font-size\">Magasin de sport<br>Location v\u00e9los-skis<br>-10% de remise sur la location<br><\/p>\n<\/div><\/div>\n\n\n\n<div class=\"wp-block-media-text alignwide is-stacked-on-mobile\" style=\"grid-template-columns:26% auto\"><figure class=\"wp-block-media-text__media\"><a href=\"https:\/\/www.les2alpes.com\/hiver\/offres\/camp-dbase-les-deux-alpes-fr-hiver-2958236\/\" target=\"_blank\" rel=\"noopener\"><img loading=\"lazy\" width=\"188\" height=\"214\" src=\"https:\/\/chezbobbnb.com\/wp-content\/uploads\/2023\/06\/camp-dbase-LOGO-1.jpg\" alt=\"\" class=\"wp-image-2880 size-full\"\/><\/a><\/figure><div class=\"wp-block-media-text__content\">\n<p class=\"has-large-font-size\">M\u00e9canique et entretien v\u00e9lo<\/p>\n<\/div><\/div>\n\n\n\n<div class=\"wp-block-media-text alignwide is-stacked-on-mobile\" style=\"grid-template-columns:38% auto\"><figure class=\"wp-block-media-text__media\"><a href=\"https:\/\/www.laskirie.com\/\" target=\"_blank\" rel=\"noopener\"><img loading=\"lazy\" width=\"911\" height=\"333\" src=\"https:\/\/chezbobbnb.com\/wp-content\/uploads\/2023\/06\/20210614_112758.jpg\" alt=\"\" class=\"wp-image-2867 size-full\" srcset=\"https:\/\/chezbobbnb.com\/wp-content\/uploads\/2023\/06\/20210614_112758.jpg 911w, https:\/\/chezbobbnb.com\/wp-content\/uploads\/2023\/06\/20210614_112758-300x110.jpg 300w, https:\/\/chezbobbnb.com\/wp-content\/uploads\/2023\/06\/20210614_112758-768x281.jpg 768w\" sizes=\"(max-width: 911px) 100vw, 911px\" \/><\/a><\/figure><div class=\"wp-block-media-text__content\">\n<p class=\"has-large-font-size\">Magasin de sport<br>Location v\u00e9los-skis<br>-10% sur la location de VTT<\/p>\n<\/div><\/div>\n\n\n\n<div class=\"wp-block-media-text alignwide is-stacked-on-mobile\" style=\"grid-template-columns:38% auto\"><figure class=\"wp-block-media-text__media\"><a href=\"https:\/\/www.les2alpes.com\/ete\/\" target=\"_blank\" rel=\"noopener\"><img loading=\"lazy\" width=\"1024\" height=\"427\" src=\"https:\/\/chezbobbnb.com\/wp-content\/uploads\/2023\/06\/20190622_110608-1024x427.jpg\" alt=\"\" class=\"wp-image-2868 size-full\" srcset=\"https:\/\/chezbobbnb.com\/wp-content\/uploads\/2023\/06\/20190622_110608-1024x427.jpg 1024w, https:\/\/chezbobbnb.com\/wp-content\/uploads\/2023\/06\/20190622_110608-300x125.jpg 300w, https:\/\/chezbobbnb.com\/wp-content\/uploads\/2023\/06\/20190622_110608-768x320.jpg 768w, https:\/\/chezbobbnb.com\/wp-content\/uploads\/2023\/06\/20190622_110608.jpg 1306w\" sizes=\"(max-width: 1024px) 100vw, 1024px\" \/><\/a><\/figure><div class=\"wp-block-media-text__content\">\n<p class=\"has-large-font-size\">HOME OF RIDE<\/p>\n<\/div><\/div>\n\n\n\n<div class=\"wp-block-media-text alignwide is-stacked-on-mobile\" style=\"grid-template-columns:35% auto\"><figure class=\"wp-block-media-text__media\"><a href=\"https:\/\/www.lagrave-lameije.com\/fr\/ete\/activites\/vtt-et-velo\/itineraires-vtt\" target=\"_blank\" rel=\"noopener\"><img loading=\"lazy\" width=\"345\" height=\"345\" src=\"https:\/\/chezbobbnb.com\/wp-content\/uploads\/2023\/06\/FB_IMG_1544859510221.jpg\" alt=\"\" class=\"wp-image-2869 size-full\" srcset=\"https:\/\/chezbobbnb.com\/wp-content\/uploads\/2023\/06\/FB_IMG_1544859510221.jpg 345w, https:\/\/chezbobbnb.com\/wp-content\/uploads\/2023\/06\/FB_IMG_1544859510221-300x300.jpg 300w, https:\/\/chezbobbnb.com\/wp-content\/uploads\/2023\/06\/FB_IMG_1544859510221-150x150.jpg 150w\" sizes=\"(max-width: 345px) 100vw, 345px\" \/><\/a><\/figure><div class=\"wp-block-media-text__content\">\n<p class=\"has-large-font-size\">FREE RIDE<\/p>\n<\/div><\/div>\n\n\n\n<div class=\"wp-block-media-text alignwide is-stacked-on-mobile\" style=\"grid-template-columns:35% auto\"><figure class=\"wp-block-media-text__media\"><a href=\"https:\/\/www.alpedhuez.com\/fr\/accueil-ete\/\" target=\"_blank\" rel=\"noopener\"><img loading=\"lazy\" width=\"365\" height=\"124\" src=\"https:\/\/chezbobbnb.com\/wp-content\/uploads\/2023\/06\/logo-alpe-huez.png\" alt=\"\" class=\"wp-image-2870 size-full\" srcset=\"https:\/\/chezbobbnb.com\/wp-content\/uploads\/2023\/06\/logo-alpe-huez.png 365w, https:\/\/chezbobbnb.com\/wp-content\/uploads\/2023\/06\/logo-alpe-huez-300x102.png 300w\" sizes=\"(max-width: 365px) 100vw, 365px\" \/><\/a><\/figure><div class=\"wp-block-media-text__content\">\n<p class=\"has-large-font-size\">L&rsquo;ILE AU SOLEIL<\/p>\n<\/div><\/div>\n\n\n\n<div class=\"wp-block-media-text alignwide is-stacked-on-mobile\" style=\"grid-template-columns:28% auto\"><figure class=\"wp-block-media-text__media\"><img loading=\"lazy\" width=\"1016\" height=\"1024\" src=\"https:\/\/chezbobbnb.com\/wp-content\/uploads\/2024\/01\/Screenshot_2023-11-06-15-39-03-246_com.miui_.gallery-edit-1-1016x1024.jpg\" alt=\"\" class=\"wp-image-3018 size-full\" srcset=\"https:\/\/chezbobbnb.com\/wp-content\/uploads\/2024\/01\/Screenshot_2023-11-06-15-39-03-246_com.miui_.gallery-edit-1-1016x1024.jpg 1016w, https:\/\/chezbobbnb.com\/wp-content\/uploads\/2024\/01\/Screenshot_2023-11-06-15-39-03-246_com.miui_.gallery-edit-1-298x300.jpg 298w, https:\/\/chezbobbnb.com\/wp-content\/uploads\/2024\/01\/Screenshot_2023-11-06-15-39-03-246_com.miui_.gallery-edit-1-150x150.jpg 150w, https:\/\/chezbobbnb.com\/wp-content\/uploads\/2024\/01\/Screenshot_2023-11-06-15-39-03-246_com.miui_.gallery-edit-1-768x774.jpg 768w, https:\/\/chezbobbnb.com\/wp-content\/uploads\/2024\/01\/Screenshot_2023-11-06-15-39-03-246_com.miui_.gallery-edit-1.jpg 1220w\" sizes=\"(max-width: 1016px) 100vw, 1016px\" \/><\/figure><div class=\"wp-block-media-text__content\">\n<p class=\"has-large-font-size\">Equipementier Partenaire<\/p>\n<\/div><\/div>\n","protected":false},"excerpt":{"rendered":"<p>Magasin de sportLocation v\u00e9los-skis-10% de remise sur la location M\u00e9canique et entretien v\u00e9lo Magasin de sportLocation v\u00e9los-skis-10% sur la location de VTT HOME OF RIDE FREE RIDE L&rsquo;ILE AU SOLEIL&#8230;<\/p>\n","protected":false},"author":1,"featured_media":0,"parent":0,"menu_order":0,"comment_status":"closed","ping_status":"closed","template":"","meta":[],"_links":{"self":[{"href":"https:\/\/chezbobbnb.com\/index.php?rest_route=\/wp\/v2\/pages\/2792"}],"collection":[{"href":"https:\/\/chezbobbnb.com\/index.php?rest_route=\/wp\/v2\/pages"}],"about":[{"href":"https:\/\/chezbobbnb.com\/index.php?rest_route=\/wp\/v2\/types\/page"}],"author":[{"embeddable":true,"href":"https:\/\/chezbobbnb.com\/index.php?rest_route=\/wp\/v2\/users\/1"}],"replies":[{"embeddable":true,"href":"https:\/\/chezbobbnb.com\/index.php?rest_route=%2Fwp%2Fv2%2Fcomments&post=2792"}],"version-history":[{"count":13,"href":"https:\/\/chezbobbnb.com\/index.php?rest_route=\/wp\/v2\/pages\/2792\/revisions"}],"predecessor-version":[{"id":3019,"href":"https:\/\/chezbobbnb.com\/index.php?rest_route=\/wp\/v2\/pages\/2792\/revisions\/3019"}],"wp:attachment":[{"href":"https:\/\/chezbobbnb.com\/index.php?rest_route=%2Fwp%2Fv2%2Fmedia&parent=2792"}],"curies":[{"name":"wp","href":"https:\/\/api.w.org\/{rel}","templated":true}]}}